{"id":3205,"date":"2017-07-24T09:21:24","date_gmt":"2017-07-24T07:21:24","guid":{"rendered":"https:\/\/www.robotloisir.com\/home\/"},"modified":"2026-02-02T20:07:20","modified_gmt":"2026-02-02T19:07:20","slug":"home","status":"publish","type":"page","link":"https:\/\/www.robotloisir.com\/en\/","title":{"rendered":"Home"},"content":{"rendered":"\t\t<div data-elementor-type=\"wp-post\" data-elementor-id=\"3205\" class=\"elementor elementor-3205 elementor-17\" data-elementor-post-type=\"page\">\n\t\t\t\t\t\t<section class=\"elementor-section elementor-top-section elementor-element elementor-element-6hkcxuv elementor-section-boxed elementor-section-height-default elementor-section-height-default\" data-id=\"6hkcxuv\" data-element_type=\"section\" data-e-type=\"section\" data-settings=\"{&quot;background_background&quot;:&quot;classic&quot;}\">\n\t\t\t\t\t\t\t<div class=\"elementor-background-overlay\"><\/div>\n\t\t\t\t\t\t\t<div class=\"elementor-container elementor-column-gap-default\">\n\t\t\t\t\t<div class=\"elementor-column elementor-col-100 elementor-top-column elementor-element elementor-element-0fz59jp\" data-id=\"0fz59jp\" data-element_type=\"column\" data-e-type=\"column\" data-settings=\"{&quot;background_background&quot;:&quot;classic&quot;}\">\n\t\t\t<div class=\"elementor-widget-wrap elementor-element-populated\">\n\t\t\t\t\t\t<div class=\"elementor-element elementor-element-97ee793 elementor-widget elementor-widget-image\" data-id=\"97ee793\" data-element_type=\"widget\" data-e-type=\"widget\" data-widget_type=\"image.default\">\n\t\t\t\t<div class=\"elementor-widget-container\">\n\t\t\t\t\t\t\t\t\t\t\t\t\t\t\t<img fetchpriority=\"high\" decoding=\"async\" width=\"768\" height=\"152\" src=\"https:\/\/www.robotloisir.com\/wp-content\/uploads\/2021\/03\/logo_robotloisir_blanc_V2-1-768x152.png\" class=\"attachment-medium_large size-medium_large wp-image-3115\" alt=\"\" srcset=\"https:\/\/www.robotloisir.com\/wp-content\/uploads\/2021\/03\/logo_robotloisir_blanc_V2-1-768x152.png 768w, https:\/\/www.robotloisir.com\/wp-content\/uploads\/2021\/03\/logo_robotloisir_blanc_V2-1-600x119.png 600w, https:\/\/www.robotloisir.com\/wp-content\/uploads\/2021\/03\/logo_robotloisir_blanc_V2-1-300x59.png 300w, https:\/\/www.robotloisir.com\/wp-content\/uploads\/2021\/03\/logo_robotloisir_blanc_V2-1-1024x203.png 1024w, https:\/\/www.robotloisir.com\/wp-content\/uploads\/2021\/03\/logo_robotloisir_blanc_V2-1-1536x304.png 1536w, https:\/\/www.robotloisir.com\/wp-content\/uploads\/2021\/03\/logo_robotloisir_blanc_V2-1.png 2048w\" sizes=\"(max-width: 768px) 100vw, 768px\" \/>\t\t\t\t\t\t\t\t\t\t\t\t\t\t\t<\/div>\n\t\t\t\t<\/div>\n\t\t\t\t<div class=\"elementor-element elementor-element-74eb907 elementor-widget elementor-widget-heading\" data-id=\"74eb907\" data-element_type=\"widget\" data-e-type=\"widget\" data-widget_type=\"heading.default\">\n\t\t\t\t<div class=\"elementor-widget-container\">\n\t\t\t\t\t<h2 class=\"elementor-heading-title elementor-size-xxl\">The specialist in robotic mowing in Montreal, Laval, Mont\u00e9r\u00e9gie, Lanaudi\u00e8re, and Laurentides.<\/h2>\t\t\t\t<\/div>\n\t\t\t\t<\/div>\n\t\t\t\t<div class=\"elementor-element elementor-element-ui2gsej elementor-align-center elementor-absolute elementor-widget elementor-widget-button\" data-id=\"ui2gsej\" data-element_type=\"widget\" data-e-type=\"widget\" data-settings=\"{&quot;_position&quot;:&quot;absolute&quot;}\" data-widget_type=\"button.default\">\n\t\t\t\t<div class=\"elementor-widget-container\">\n\t\t\t\t\t\t\t\t\t<div class=\"elementor-button-wrapper\">\n\t\t\t\t\t<a class=\"elementor-button elementor-button-link elementor-size-xs\" href=\"\/en\/robot-range\/\">\n\t\t\t\t\t\t<span class=\"elementor-button-content-wrapper\">\n\t\t\t\t\t\t\t\t\t<span class=\"elementor-button-text\">Discover our range of robots<\/span>\n\t\t\t\t\t<\/span>\n\t\t\t\t\t<\/a>\n\t\t\t\t<\/div>\n\t\t\t\t\t\t\t\t<\/div>\n\t\t\t\t<\/div>\n\t\t\t\t\t<\/div>\n\t\t<\/div>\n\t\t\t\t\t<\/div>\n\t\t<\/section>\n\t\t\t\t<section class=\"elementor-section elementor-top-section elementor-element elementor-element-f99bsf1 elementor-section-boxed elementor-section-height-default elementor-section-height-default\" data-id=\"f99bsf1\" data-element_type=\"section\" data-e-type=\"section\">\n\t\t\t\t\t\t<div class=\"elementor-container elementor-column-gap-default\">\n\t\t\t\t\t<div class=\"elementor-column elementor-col-100 elementor-top-column elementor-element elementor-element-njjkpwi\" data-id=\"njjkpwi\" data-element_type=\"column\" data-e-type=\"column\">\n\t\t\t<div class=\"elementor-widget-wrap elementor-element-populated\">\n\t\t\t\t\t\t<div class=\"elementor-element elementor-element-d6iq1zi elementor-widget elementor-widget-image\" data-id=\"d6iq1zi\" data-element_type=\"widget\" data-e-type=\"widget\" data-widget_type=\"image.default\">\n\t\t\t\t<div class=\"elementor-widget-container\">\n\t\t\t\t\t\t\t\t\t\t\t\t\t\t\t<img decoding=\"async\" width=\"1024\" height=\"535\" src=\"https:\/\/www.robotloisir.com\/wp-content\/uploads\/2017\/08\/robot-tondeuse-10-1024x535.png\" class=\"attachment-large size-large wp-image-3016\" alt=\"\" srcset=\"https:\/\/www.robotloisir.com\/wp-content\/uploads\/2017\/08\/robot-tondeuse-10-1024x535.png 1024w, https:\/\/www.robotloisir.com\/wp-content\/uploads\/2017\/08\/robot-tondeuse-10-600x314.png 600w, https:\/\/www.robotloisir.com\/wp-content\/uploads\/2017\/08\/robot-tondeuse-10-300x157.png 300w, https:\/\/www.robotloisir.com\/wp-content\/uploads\/2017\/08\/robot-tondeuse-10-768x401.png 768w, https:\/\/www.robotloisir.com\/wp-content\/uploads\/2017\/08\/robot-tondeuse-10.png 1500w\" sizes=\"(max-width: 1024px) 100vw, 1024px\" \/>\t\t\t\t\t\t\t\t\t\t\t\t\t\t\t<\/div>\n\t\t\t\t<\/div>\n\t\t\t\t\t<\/div>\n\t\t<\/div>\n\t\t\t\t\t<\/div>\n\t\t<\/section>\n\t\t\t\t<section class=\"elementor-section elementor-top-section elementor-element elementor-element-05581f5 elementor-section-content-middle elementor-section-boxed elementor-section-height-default elementor-section-height-default\" data-id=\"05581f5\" data-element_type=\"section\" data-e-type=\"section\" data-settings=\"{&quot;background_background&quot;:&quot;classic&quot;}\">\n\t\t\t\t\t\t<div class=\"elementor-container elementor-column-gap-default\">\n\t\t\t\t\t<div class=\"elementor-column elementor-col-50 elementor-top-column elementor-element elementor-element-1a1fd6e\" data-id=\"1a1fd6e\" data-element_type=\"column\" data-e-type=\"column\">\n\t\t\t<div class=\"elementor-widget-wrap elementor-element-populated\">\n\t\t\t\t\t\t<div class=\"elementor-element elementor-element-1c2db00 elementor-widget elementor-widget-video\" data-id=\"1c2db00\" data-element_type=\"widget\" data-e-type=\"widget\" data-settings=\"{&quot;youtube_url&quot;:&quot;https:\\\/\\\/youtu.be\\\/mNDXW-aByks&quot;,&quot;video_type&quot;:&quot;youtube&quot;,&quot;controls&quot;:&quot;yes&quot;}\" data-widget_type=\"video.default\">\n\t\t\t\t<div class=\"elementor-widget-container\">\n\t\t\t\t\t\t\t<div class=\"elementor-wrapper elementor-open-inline\">\n\t\t\t<div class=\"elementor-video\"><\/div>\t\t<\/div>\n\t\t\t\t\t\t<\/div>\n\t\t\t\t<\/div>\n\t\t\t\t\t<\/div>\n\t\t<\/div>\n\t\t\t\t<div class=\"elementor-column elementor-col-50 elementor-top-column elementor-element elementor-element-7133cee\" data-id=\"7133cee\" data-element_type=\"column\" data-e-type=\"column\">\n\t\t\t<div class=\"elementor-widget-wrap elementor-element-populated\">\n\t\t\t\t\t\t<div class=\"elementor-element elementor-element-4eb0724 elementor-widget elementor-widget-text-editor\" data-id=\"4eb0724\" data-element_type=\"widget\" data-e-type=\"widget\" data-widget_type=\"text-editor.default\">\n\t\t\t\t<div class=\"elementor-widget-container\">\n\t\t\t\t\t\t\t\t\t<p>Robot Loisir is a dealer of Husqvarna, Kress, and Sunseeker in Quebec, covering the Greater Montreal area, from the Laurentians to Lanaudi\u00e8re, including Laval and Mont\u00e9r\u00e9gie.<\/p><p>With our partners, we also serve the regions of Estrie, Outaouais, Eastern Townships, National Capital Region, Chaudi\u00e8res-Appalaches, Abitibi, and Saguenay Lac St Jean.<\/p><p>Robotic lawn mowers have been in existence since 1995.<\/p><p>In Quebec alone, over 5000 robots have been mowing lawns daily since 2015.<\/p><p>Robot Loisir and its partners have installed over 2800 since 2017.<\/p><p>So, from Gatineau to Charlevoix, passing through Quebec City, Chicoutimi, Trois-Rivi\u00e8res, Sherbrooke, Joliette, or St. J\u00e9r\u00f4me, thank you for trusting the experts in robotic lawn mowers<\/p>\t\t\t\t\t\t\t\t<\/div>\n\t\t\t\t<\/div>\n\t\t\t\t\t<\/div>\n\t\t<\/div>\n\t\t\t\t\t<\/div>\n\t\t<\/section>\n\t\t\t\t<\/div>\n\t\t","protected":false},"excerpt":{"rendered":"<p>The specialist in robotic mowing in Montreal, Laval, Mont\u00e9r\u00e9gie, Lanaudi\u00e8re, and Laurentides. Discover our range of robots https:\/\/youtu.be\/mNDXW-aByks Robot Loisir is a dealer of Husqvarna, Kress, and Sunseeker in Quebec, covering the Greater Montreal area, from the Laurentians to Lanaudi\u00e8re, including Laval and Mont\u00e9r\u00e9gie. With our partners, we also serve the regions of Estrie, Outaouais, [&hellip;]<\/p>\n","protected":false},"author":1,"featured_media":0,"parent":0,"menu_order":0,"comment_status":"closed","ping_status":"closed","template":"","meta":{"footnotes":""},"class_list":["post-3205","page","type-page","status-publish","hentry"],"yoast_head":"<!-- This site is optimized with the Yoast SEO plugin v27.4 - https:\/\/yoast.com\/product\/yoast-seo-wordpress\/ -->\n<title>Robot Loisir - Husqvarna robotic lawn mowers in Montreal - Quebec<\/title>\n<meta name=\"description\" content=\"Come discover Automower Husqvarna robot mowers in the Greater Montreal region and throughout Quebec.\" \/>\n<meta name=\"robots\" content=\"index, follow, max-snippet:-1, max-image-preview:large, max-video-preview:-1\" \/>\n<link rel=\"canonical\" href=\"https:\/\/www.robotloisir.com\/\" \/>\n<meta property=\"og:locale\" content=\"en_US\" \/>\n<meta property=\"og:type\" content=\"article\" \/>\n<meta property=\"og:title\" content=\"Robot Loisir - Husqvarna robotic lawn mowers in Montreal - Quebec\" \/>\n<meta property=\"og:description\" content=\"Come discover Automower Husqvarna robot mowers in the Greater Montreal region and throughout Quebec.\" \/>\n<meta property=\"og:url\" content=\"https:\/\/www.robotloisir.com\/\" \/>\n<meta property=\"og:site_name\" content=\"Robot loisir R\u00b2D\u00b2\" \/>\n<meta property=\"article:modified_time\" content=\"2026-02-02T19:07:20+00:00\" \/>\n<meta property=\"og:image\" content=\"https:\/\/www.robotloisir.com\/wp-content\/uploads\/2021\/03\/logo_robotloisir_blanc_V2-1.png\" \/>\n\t<meta property=\"og:image:width\" content=\"2048\" \/>\n\t<meta property=\"og:image:height\" content=\"405\" \/>\n\t<meta property=\"og:image:type\" content=\"image\/png\" \/>\n<meta name=\"twitter:card\" content=\"summary_large_image\" \/>\n<meta name=\"twitter:label1\" content=\"Est. reading time\" \/>\n\t<meta name=\"twitter:data1\" content=\"1 minute\" \/>\n<script type=\"application\/ld+json\" class=\"yoast-schema-graph\">{\"@context\":\"https:\\\/\\\/schema.org\",\"@graph\":[{\"@type\":\"WebPage\",\"@id\":\"https:\\\/\\\/www.robotloisir.com\\\/\",\"url\":\"https:\\\/\\\/www.robotloisir.com\\\/\",\"name\":\"Robot Loisir - Husqvarna robotic lawn mowers in Montreal - Quebec\",\"isPartOf\":{\"@id\":\"https:\\\/\\\/www.robotloisir.com\\\/#website\"},\"primaryImageOfPage\":{\"@id\":\"https:\\\/\\\/www.robotloisir.com\\\/#primaryimage\"},\"image\":{\"@id\":\"https:\\\/\\\/www.robotloisir.com\\\/#primaryimage\"},\"thumbnailUrl\":\"https:\\\/\\\/www.robotloisir.com\\\/wp-content\\\/uploads\\\/2021\\\/03\\\/logo_robotloisir_blanc_V2-1-768x152.png\",\"datePublished\":\"2017-07-24T07:21:24+00:00\",\"dateModified\":\"2026-02-02T19:07:20+00:00\",\"description\":\"Come discover Automower Husqvarna robot mowers in the Greater Montreal region and throughout Quebec.\",\"breadcrumb\":{\"@id\":\"https:\\\/\\\/www.robotloisir.com\\\/#breadcrumb\"},\"inLanguage\":\"en-US\",\"potentialAction\":[{\"@type\":\"ReadAction\",\"target\":[\"https:\\\/\\\/www.robotloisir.com\\\/\"]}]},{\"@type\":\"ImageObject\",\"inLanguage\":\"en-US\",\"@id\":\"https:\\\/\\\/www.robotloisir.com\\\/#primaryimage\",\"url\":\"https:\\\/\\\/www.robotloisir.com\\\/wp-content\\\/uploads\\\/2021\\\/03\\\/logo_robotloisir_blanc_V2-1-768x152.png\",\"contentUrl\":\"https:\\\/\\\/www.robotloisir.com\\\/wp-content\\\/uploads\\\/2021\\\/03\\\/logo_robotloisir_blanc_V2-1-768x152.png\"},{\"@type\":\"BreadcrumbList\",\"@id\":\"https:\\\/\\\/www.robotloisir.com\\\/#breadcrumb\",\"itemListElement\":[{\"@type\":\"ListItem\",\"position\":1,\"name\":\"Accueil\",\"item\":\"https:\\\/\\\/www.robotloisir.com\\\/\"},{\"@type\":\"ListItem\",\"position\":2,\"name\":\"Home\"}]},{\"@type\":\"WebSite\",\"@id\":\"https:\\\/\\\/www.robotloisir.com\\\/#website\",\"url\":\"https:\\\/\\\/www.robotloisir.com\\\/\",\"name\":\"Robot loisir R\u00b2D\u00b2\",\"description\":\"Concessionnaire Husqvarna\",\"publisher\":{\"@id\":\"https:\\\/\\\/www.robotloisir.com\\\/#organization\"},\"potentialAction\":[{\"@type\":\"SearchAction\",\"target\":{\"@type\":\"EntryPoint\",\"urlTemplate\":\"https:\\\/\\\/www.robotloisir.com\\\/?s={search_term_string}\"},\"query-input\":{\"@type\":\"PropertyValueSpecification\",\"valueRequired\":true,\"valueName\":\"search_term_string\"}}],\"inLanguage\":\"en-US\"},{\"@type\":\"Organization\",\"@id\":\"https:\\\/\\\/www.robotloisir.com\\\/#organization\",\"name\":\"Robot loisir R\u00b2D\u00b2\",\"url\":\"https:\\\/\\\/www.robotloisir.com\\\/\",\"logo\":{\"@type\":\"ImageObject\",\"inLanguage\":\"en-US\",\"@id\":\"https:\\\/\\\/www.robotloisir.com\\\/#\\\/schema\\\/logo\\\/image\\\/\",\"url\":\"https:\\\/\\\/www.robotloisir.com\\\/wp-content\\\/uploads\\\/2021\\\/03\\\/logo_robotloisir_blanc_V2-1.png\",\"contentUrl\":\"https:\\\/\\\/www.robotloisir.com\\\/wp-content\\\/uploads\\\/2021\\\/03\\\/logo_robotloisir_blanc_V2-1.png\",\"width\":2048,\"height\":405,\"caption\":\"Robot loisir R\u00b2D\u00b2\"},\"image\":{\"@id\":\"https:\\\/\\\/www.robotloisir.com\\\/#\\\/schema\\\/logo\\\/image\\\/\"}}]}<\/script>\n<!-- \/ Yoast SEO plugin. -->","yoast_head_json":{"title":"Robot Loisir - Husqvarna robotic lawn mowers in Montreal - Quebec","description":"Come discover Automower Husqvarna robot mowers in the Greater Montreal region and throughout Quebec.","robots":{"index":"index","follow":"follow","max-snippet":"max-snippet:-1","max-image-preview":"max-image-preview:large","max-video-preview":"max-video-preview:-1"},"canonical":"https:\/\/www.robotloisir.com\/","og_locale":"en_US","og_type":"article","og_title":"Robot Loisir - Husqvarna robotic lawn mowers in Montreal - Quebec","og_description":"Come discover Automower Husqvarna robot mowers in the Greater Montreal region and throughout Quebec.","og_url":"https:\/\/www.robotloisir.com\/","og_site_name":"Robot loisir R\u00b2D\u00b2","article_modified_time":"2026-02-02T19:07:20+00:00","og_image":[{"width":2048,"height":405,"url":"https:\/\/www.robotloisir.com\/wp-content\/uploads\/2021\/03\/logo_robotloisir_blanc_V2-1.png","type":"image\/png"}],"twitter_card":"summary_large_image","twitter_misc":{"Est. reading time":"1 minute"},"schema":{"@context":"https:\/\/schema.org","@graph":[{"@type":"WebPage","@id":"https:\/\/www.robotloisir.com\/","url":"https:\/\/www.robotloisir.com\/","name":"Robot Loisir - Husqvarna robotic lawn mowers in Montreal - Quebec","isPartOf":{"@id":"https:\/\/www.robotloisir.com\/#website"},"primaryImageOfPage":{"@id":"https:\/\/www.robotloisir.com\/#primaryimage"},"image":{"@id":"https:\/\/www.robotloisir.com\/#primaryimage"},"thumbnailUrl":"https:\/\/www.robotloisir.com\/wp-content\/uploads\/2021\/03\/logo_robotloisir_blanc_V2-1-768x152.png","datePublished":"2017-07-24T07:21:24+00:00","dateModified":"2026-02-02T19:07:20+00:00","description":"Come discover Automower Husqvarna robot mowers in the Greater Montreal region and throughout Quebec.","breadcrumb":{"@id":"https:\/\/www.robotloisir.com\/#breadcrumb"},"inLanguage":"en-US","potentialAction":[{"@type":"ReadAction","target":["https:\/\/www.robotloisir.com\/"]}]},{"@type":"ImageObject","inLanguage":"en-US","@id":"https:\/\/www.robotloisir.com\/#primaryimage","url":"https:\/\/www.robotloisir.com\/wp-content\/uploads\/2021\/03\/logo_robotloisir_blanc_V2-1-768x152.png","contentUrl":"https:\/\/www.robotloisir.com\/wp-content\/uploads\/2021\/03\/logo_robotloisir_blanc_V2-1-768x152.png"},{"@type":"BreadcrumbList","@id":"https:\/\/www.robotloisir.com\/#breadcrumb","itemListElement":[{"@type":"ListItem","position":1,"name":"Accueil","item":"https:\/\/www.robotloisir.com\/"},{"@type":"ListItem","position":2,"name":"Home"}]},{"@type":"WebSite","@id":"https:\/\/www.robotloisir.com\/#website","url":"https:\/\/www.robotloisir.com\/","name":"Robot loisir R\u00b2D\u00b2","description":"Concessionnaire Husqvarna","publisher":{"@id":"https:\/\/www.robotloisir.com\/#organization"},"potentialAction":[{"@type":"SearchAction","target":{"@type":"EntryPoint","urlTemplate":"https:\/\/www.robotloisir.com\/?s={search_term_string}"},"query-input":{"@type":"PropertyValueSpecification","valueRequired":true,"valueName":"search_term_string"}}],"inLanguage":"en-US"},{"@type":"Organization","@id":"https:\/\/www.robotloisir.com\/#organization","name":"Robot loisir R\u00b2D\u00b2","url":"https:\/\/www.robotloisir.com\/","logo":{"@type":"ImageObject","inLanguage":"en-US","@id":"https:\/\/www.robotloisir.com\/#\/schema\/logo\/image\/","url":"https:\/\/www.robotloisir.com\/wp-content\/uploads\/2021\/03\/logo_robotloisir_blanc_V2-1.png","contentUrl":"https:\/\/www.robotloisir.com\/wp-content\/uploads\/2021\/03\/logo_robotloisir_blanc_V2-1.png","width":2048,"height":405,"caption":"Robot loisir R\u00b2D\u00b2"},"image":{"@id":"https:\/\/www.robotloisir.com\/#\/schema\/logo\/image\/"}}]}},"_links":{"self":[{"href":"https:\/\/www.robotloisir.com\/en\/wp-json\/wp\/v2\/pages\/3205","targetHints":{"allow":["GET"]}}],"collection":[{"href":"https:\/\/www.robotloisir.com\/en\/wp-json\/wp\/v2\/pages"}],"about":[{"href":"https:\/\/www.robotloisir.com\/en\/wp-json\/wp\/v2\/types\/page"}],"author":[{"embeddable":true,"href":"https:\/\/www.robotloisir.com\/en\/wp-json\/wp\/v2\/users\/1"}],"replies":[{"embeddable":true,"href":"https:\/\/www.robotloisir.com\/en\/wp-json\/wp\/v2\/comments?post=3205"}],"version-history":[{"count":38,"href":"https:\/\/www.robotloisir.com\/en\/wp-json\/wp\/v2\/pages\/3205\/revisions"}],"predecessor-version":[{"id":4029,"href":"https:\/\/www.robotloisir.com\/en\/wp-json\/wp\/v2\/pages\/3205\/revisions\/4029"}],"wp:attachment":[{"href":"https:\/\/www.robotloisir.com\/en\/wp-json\/wp\/v2\/media?parent=3205"}],"curies":[{"name":"wp","href":"https:\/\/api.w.org\/{rel}","templated":true}]}}